{"id":157,"date":"2024-11-24T00:08:47","date_gmt":"2024-11-23T23:08:47","guid":{"rendered":"http:\/\/boutique-kent.local\/?page_id=157"},"modified":"2024-12-15T11:24:02","modified_gmt":"2024-12-15T10:24:02","slug":"mentions-legales","status":"publish","type":"page","link":"https:\/\/shop.kent-artiste.com\/index.php\/mentions-legales\/","title":{"rendered":"Mentions l\u00e9gales"},"content":{"rendered":"\n<h3 class=\"wp-block-heading\">Thoobett \u00c9ditions<\/h3>\n\n\n\n<p>31 Quai Gallieni<br>94500 Champigny sur Marne<\/p>\n\n\n\n<p>Sarl au capital de 32 705 euro<br>Siret 384 447 02500022 &#8211; APE 5920Z<br>TVA intra : FR 29 384 447 025<\/p>\n\n\n\n<h3 class=\"wp-block-heading\">Cr\u00e9dits<\/h3>\n\n\n\n<p><strong>H\u00e9bergement<\/strong><\/p>\n\n\n\n<p>OVH<br>H\u00e9bergeur : OVH<br>2 rue Kellermann<br>59100 Roubaix<br>T\u00e9l\u00e9phone : 1007<\/p>\n\n\n\n<h3 class=\"wp-block-heading\">Donn\u00e9es \u00e0 caract\u00e8re personnel<\/h3>\n\n\n\n<p>Conform\u00e9ment \u00e0 la loi du 6 janvier 1978 relative \u00e0 l\u2019informatique, aux fichiers et aux libert\u00e9s, ainsi qu\u2019au r\u00e8glement europ\u00e9en sur la protection des donn\u00e9es personnelles entr\u00e9 en vigueur le 25 mai 2018, les informations collect\u00e9es concernant les acheteurs ne feront l\u2019objet d\u2019aucune transmission \u00e0 des partenaires commerciaux ou autres.<\/p>\n\n\n\n<p>Conform\u00e9ment aux lois pr\u00e9cit\u00e9es, les acheteurs disposent d\u2019un droit d\u2019acc\u00e8s et de rectification des donn\u00e9es les concernant.<\/p>\n\n\n\n<p>Directeur de la publication : Fr\u00e9d\u00e9rique Despesse<\/p>\n","protected":false},"excerpt":{"rendered":"<p>Thoobett \u00c9ditions 31 Quai Gallieni94500 Champigny sur Marne Sarl au capital de 32 705 euroSiret 384 447 02500022 &#8211; APE [&hellip;]<\/p>\n","protected":false},"author":1,"featured_media":0,"parent":0,"menu_order":0,"comment_status":"closed","ping_status":"closed","template":"","meta":{"_uag_custom_page_level_css":"","site-sidebar-layout":"default","site-content-layout":"","ast-site-content-layout":"default","site-content-style":"default","site-sidebar-style":"default","ast-global-header-display":"","ast-banner-title-visibility":"","ast-main-header-display":"","ast-hfb-above-header-display":"","ast-hfb-below-header-display":"","ast-hfb-mobile-header-display":"","site-post-title":"","ast-breadcrumbs-content":"","ast-featured-img":"","footer-sml-layout":"","ast-disable-related-posts":"","theme-transparent-header-meta":"","adv-header-id-meta":"","stick-header-meta":"","header-above-stick-meta":"","header-main-stick-meta":"","header-below-stick-meta":"","astra-migrate-meta-layouts":"default","ast-page-background-enabled":"default","ast-page-background-meta":{"desktop":{"background-color":"var(--ast-global-color-4)","background-image":"","background-repeat":"repeat","background-position":"center center","background-size":"auto","background-attachment":"scroll","background-type":"","background-media":"","overlay-type":"","overlay-color":"","overlay-opacity":"","overlay-gradient":""},"tablet":{"background-color":"","background-image":"","background-repeat":"repeat","background-position":"center center","background-size":"auto","background-attachment":"scroll","background-type":"","background-media":"","overlay-type":"","overlay-color":"","overlay-opacity":"","overlay-gradient":""},"mobile":{"background-color":"","background-image":"","background-repeat":"repeat","background-position":"center center","background-size":"auto","background-attachment":"scroll","background-type":"","background-media":"","overlay-type":"","overlay-color":"","overlay-opacity":"","overlay-gradient":""}},"ast-content-background-meta":{"desktop":{"background-color":"var(--ast-global-color-5)","background-image":"","background-repeat":"repeat","background-position":"center center","background-size":"auto","background-attachment":"scroll","background-type":"","background-media":"","overlay-type":"","overlay-color":"","overlay-opacity":"","overlay-gradient":""},"tablet":{"background-color":"var(--ast-global-color-5)","background-image":"","background-repeat":"repeat","background-position":"center center","background-size":"auto","background-attachment":"scroll","background-type":"","background-media":"","overlay-type":"","overlay-color":"","overlay-opacity":"","overlay-gradient":""},"mobile":{"background-color":"var(--ast-global-color-5)","background-image":"","background-repeat":"repeat","background-position":"center center","background-size":"auto","background-attachment":"scroll","background-type":"","background-media":"","overlay-type":"","overlay-color":"","overlay-opacity":"","overlay-gradient":""}},"footnotes":""},"class_list":["post-157","page","type-page","status-publish","hentry"],"uagb_featured_image_src":{"full":false,"thumbnail":false,"medium":false,"medium_large":false,"large":false,"1536x1536":false,"2048x2048":false,"woocommerce_thumbnail":false,"woocommerce_single":false,"woocommerce_gallery_thumbnail":false},"uagb_author_info":{"display_name":"admin3131","author_link":"https:\/\/shop.kent-artiste.com\/index.php\/author\/admin3131\/"},"uagb_comment_info":0,"uagb_excerpt":"Thoobett \u00c9ditions 31 Quai Gallieni94500 Champigny sur Marne Sarl au capital de 32 705 euroSiret 384 447 02500022 &#8211; APE [&hellip;]","_links":{"self":[{"href":"https:\/\/shop.kent-artiste.com\/index.php\/wp-json\/wp\/v2\/pages\/157","targetHints":{"allow":["GET"]}}],"collection":[{"href":"https:\/\/shop.kent-artiste.com\/index.php\/wp-json\/wp\/v2\/pages"}],"about":[{"href":"https:\/\/shop.kent-artiste.com\/index.php\/wp-json\/wp\/v2\/types\/page"}],"author":[{"embeddable":true,"href":"https:\/\/shop.kent-artiste.com\/index.php\/wp-json\/wp\/v2\/users\/1"}],"replies":[{"embeddable":true,"href":"https:\/\/shop.kent-artiste.com\/index.php\/wp-json\/wp\/v2\/comments?post=157"}],"version-history":[{"count":2,"href":"https:\/\/shop.kent-artiste.com\/index.php\/wp-json\/wp\/v2\/pages\/157\/revisions"}],"predecessor-version":[{"id":3059,"href":"https:\/\/shop.kent-artiste.com\/index.php\/wp-json\/wp\/v2\/pages\/157\/revisions\/3059"}],"wp:attachment":[{"href":"https:\/\/shop.kent-artiste.com\/index.php\/wp-json\/wp\/v2\/media?parent=157"}],"curies":[{"name":"wp","href":"https:\/\/api.w.org\/{rel}","templated":true}]}}