{"id":2773,"date":"2024-11-24T11:11:03","date_gmt":"2024-11-24T10:11:03","guid":{"rendered":"http:\/\/boutique-kent.local\/?page_id=2773"},"modified":"2024-11-24T11:11:03","modified_gmt":"2024-11-24T10:11:03","slug":"paiement-securise","status":"publish","type":"page","link":"https:\/\/shop.kent-artiste.com\/index.php\/paiement-securise\/","title":{"rendered":"Paiement s\u00e9curis\u00e9"},"content":{"rendered":"\n<p>Avec SSL<\/p>\n\n\n\n<h3 class=\"wp-block-heading\">Navigation s\u00e9curis\u00e9e<\/h3>\n\n\n\n<p>La Boutique de Kent est h\u00e9berg\u00e9e par OVH et utilise un certificat SSL pour garantir la s\u00e9curit\u00e9 de vos donn\u00e9es.<\/p>\n\n\n\n<h3 class=\"wp-block-heading\">Notre offre de paiement s\u00e9curis\u00e9<\/h3>\n\n\n\n<p>Le paiement par carte bancaire ou PayPal s&rsquo;effectue via des syst\u00e8mes de paiement s\u00e9curis\u00e9s utilisant le protocole SSL (Secure Socket Layer). Les informations transmises sont crypt\u00e9es et aucun tiers ne peut en prendre connaissance au cours du transport sur le r\u00e9seau.<\/p>\n\n\n\n<h3 class=\"wp-block-heading\">Moyens de paiement accept\u00e9s<\/h3>\n\n\n\n<p>Carte bancaire (Visa\/Mastercard) via une connexion s\u00e9curis\u00e9e &#8211; PayPal &#8211; Ch\u00e8que bancaire<\/p>\n\n\n\n<h3 class=\"wp-block-heading\">Paiement par ch\u00e8que<\/h3>\n\n\n\n<p>Le paiement par ch\u00e8que bancaire \u00e0 l&rsquo;ordre des&nbsp;&nbsp;<strong>Editions Thoobett<\/strong>&nbsp;libell\u00e9 en euros est possible sur le site.<\/p>\n\n\n\n<p><\/p>\n","protected":false},"excerpt":{"rendered":"<p>Avec SSL Navigation s\u00e9curis\u00e9e La Boutique de Kent est h\u00e9berg\u00e9e par OVH et utilise un certificat SSL pour garantir la [&hellip;]<\/p>\n","protected":false},"author":1,"featured_media":0,"parent":0,"menu_order":0,"comment_status":"closed","ping_status":"closed","template":"","meta":{"_uag_custom_page_level_css":"","site-sidebar-layout":"default","site-content-layout":"","ast-site-content-layout":"default","site-content-style":"default","site-sidebar-style":"default","ast-global-header-display":"","ast-banner-title-visibility":"","ast-main-header-display":"","ast-hfb-above-header-display":"","ast-hfb-below-header-display":"","ast-hfb-mobile-header-display":"","site-post-title":"","ast-breadcrumbs-content":"","ast-featured-img":"","footer-sml-layout":"","ast-disable-related-posts":"","theme-transparent-header-meta":"","adv-header-id-meta":"","stick-header-meta":"","header-above-stick-meta":"","header-main-stick-meta":"","header-below-stick-meta":"","astra-migrate-meta-layouts":"set","ast-page-background-enabled":"default","ast-page-background-meta":{"desktop":{"background-color":"","background-image":"","background-repeat":"repeat","background-position":"center center","background-size":"auto","background-attachment":"scroll","background-type":"","background-media":"","overlay-type":"","overlay-color":"","overlay-opacity":"","overlay-gradient":""},"tablet":{"background-color":"","background-image":"","background-repeat":"repeat","background-position":"center center","background-size":"auto","background-attachment":"scroll","background-type":"","background-media":"","overlay-type":"","overlay-color":"","overlay-opacity":"","overlay-gradient":""},"mobile":{"background-color":"","background-image":"","background-repeat":"repeat","background-position":"center center","background-size":"auto","background-attachment":"scroll","background-type":"","background-media":"","overlay-type":"","overlay-color":"","overlay-opacity":"","overlay-gradient":""}},"ast-content-background-meta":{"desktop":{"background-color":"var(--ast-global-color-5)","background-image":"","background-repeat":"repeat","background-position":"center center","background-size":"auto","background-attachment":"scroll","background-type":"","background-media":"","overlay-type":"","overlay-color":"","overlay-opacity":"","overlay-gradient":""},"tablet":{"background-color":"var(--ast-global-color-5)","background-image":"","background-repeat":"repeat","background-position":"center center","background-size":"auto","background-attachment":"scroll","background-type":"","background-media":"","overlay-type":"","overlay-color":"","overlay-opacity":"","overlay-gradient":""},"mobile":{"background-color":"var(--ast-global-color-5)","background-image":"","background-repeat":"repeat","background-position":"center center","background-size":"auto","background-attachment":"scroll","background-type":"","background-media":"","overlay-type":"","overlay-color":"","overlay-opacity":"","overlay-gradient":""}},"footnotes":""},"class_list":["post-2773","page","type-page","status-publish","hentry"],"uagb_featured_image_src":{"full":false,"thumbnail":false,"medium":false,"medium_large":false,"large":false,"1536x1536":false,"2048x2048":false,"woocommerce_thumbnail":false,"woocommerce_single":false,"woocommerce_gallery_thumbnail":false},"uagb_author_info":{"display_name":"admin3131","author_link":"https:\/\/shop.kent-artiste.com\/index.php\/author\/admin3131\/"},"uagb_comment_info":0,"uagb_excerpt":"Avec SSL Navigation s\u00e9curis\u00e9e La Boutique de Kent est h\u00e9berg\u00e9e par OVH et utilise un certificat SSL pour garantir la [&hellip;]","_links":{"self":[{"href":"https:\/\/shop.kent-artiste.com\/index.php\/wp-json\/wp\/v2\/pages\/2773","targetHints":{"allow":["GET"]}}],"collection":[{"href":"https:\/\/shop.kent-artiste.com\/index.php\/wp-json\/wp\/v2\/pages"}],"about":[{"href":"https:\/\/shop.kent-artiste.com\/index.php\/wp-json\/wp\/v2\/types\/page"}],"author":[{"embeddable":true,"href":"https:\/\/shop.kent-artiste.com\/index.php\/wp-json\/wp\/v2\/users\/1"}],"replies":[{"embeddable":true,"href":"https:\/\/shop.kent-artiste.com\/index.php\/wp-json\/wp\/v2\/comments?post=2773"}],"version-history":[{"count":0,"href":"https:\/\/shop.kent-artiste.com\/index.php\/wp-json\/wp\/v2\/pages\/2773\/revisions"}],"wp:attachment":[{"href":"https:\/\/shop.kent-artiste.com\/index.php\/wp-json\/wp\/v2\/media?parent=2773"}],"curies":[{"name":"wp","href":"https:\/\/api.w.org\/{rel}","templated":true}]}}