{"id":2777,"date":"2024-11-24T11:21:15","date_gmt":"2024-11-24T10:21:15","guid":{"rendered":"http:\/\/boutique-kent.local\/?page_id=2777"},"modified":"2024-12-15T11:32:34","modified_gmt":"2024-12-15T10:32:34","slug":"livraisons-et-retours","status":"publish","type":"page","link":"https:\/\/shop.kent-artiste.com\/index.php\/livraisons-et-retours\/","title":{"rendered":"Livraisons et retours"},"content":{"rendered":"\n<p>Les commandes seront trait\u00e9es dans un d\u00e9lai de 5 jours ouvr\u00e9s \u00e0 compter de la date du jour de la commande. Le d\u00e9lai de livraison est celui de la poste, \u00e0 savoir J+2 pour les envois ordinaires et en colissimo avec ou sans recommand\u00e9 pour les autres. Dans ce dernier cas un mail sera envoy\u00e9 au client lui indiquant le num\u00e9ro du colissimo pour qu\u2019il puisse suivre l\u2019acheminement de sa commande.<\/p>\n\n\n\n<p>Dans des cas exceptionnels (vacances, r\u00e9approvisionnement, \u2026.) le client sera inform\u00e9 par mail du nouveau d\u00e9lai de livraison. Si ce d\u00e9lai ne convient pas le client pourra envoyer un mail et demander le remboursement int\u00e9gral de sa commande.<\/p>\n\n\n\n<p>Dans le cas o\u00f9 la commande ne pourrait pas \u00eatre int\u00e9gralement satisfaite, la partie non exp\u00e9di\u00e9e lui sera int\u00e9gralement rembours\u00e9e.<\/p>\n\n\n\n<p>Apr\u00e8s un d\u00e9lai d&rsquo;un mois (trente jours) \u00e0 compter de la date du jour de la commande les r\u00e9clamations pour non-r\u00e9ception ne seront accept\u00e9es.<\/p>\n\n\n\n<p>Les livraisons sont faites \u00e0 l\u2019adresse indiqu\u00e9e sur le bon de commande qui ne peut \u00eatre que dans la zone g\u00e9ographique convenue.<\/p>\n\n\n\n<p>En cas de dommage ou non-conformit\u00e9, la protestation motiv\u00e9e devra \u00eatre formul\u00e9e par mail dans un d\u00e9lai de trois jours \u00e0 compter de la date de livraison tenant compte des d\u00e9lais mentionn\u00e9s ci-avant .<\/p>\n\n\n\n<p>Les protestations pour dommage ou non-conformit\u00e9 &nbsp;ne seront pas prises en compte pass\u00e9 un d\u00e9lai de un mois (trente jours) \u00e0 compter&nbsp;de la date du jour de la commande.<\/p>\n\n\n\n<p>Dans tous les cas, les achats, objets de protestation et ouvrant droit \u00e0 un remboursement ou \u00e0 un \u00e9change, devront \u00eatre retourn\u00e9s \u00e0 l\u2019adresse suivante :<\/p>\n\n\n\n<p>Thoobett Editions 31 Quai Gallieni 94500 Champigny sur Marne, France. Les \u00e9changes ou remboursement n\u2019interviendront qu\u2019\u00e0 r\u00e9ception des retours.<\/p>\n\n\n\n<p>Dans aucun cas autre que celui-ci, il ne sera accept\u00e9 de retour de la part de la Soci\u00e9t\u00e9.<\/p>\n","protected":false},"excerpt":{"rendered":"<p>Les commandes seront trait\u00e9es dans un d\u00e9lai de 5 jours ouvr\u00e9s \u00e0 compter de la date du jour de la [&hellip;]<\/p>\n","protected":false},"author":1,"featured_media":0,"parent":0,"menu_order":0,"comment_status":"closed","ping_status":"closed","template":"","meta":{"_uag_custom_page_level_css":"","site-sidebar-layout":"default","site-content-layout":"","ast-site-content-layout":"default","site-content-style":"default","site-sidebar-style":"default","ast-global-header-display":"","ast-banner-title-visibility":"","ast-main-header-display":"","ast-hfb-above-header-display":"","ast-hfb-below-header-display":"","ast-hfb-mobile-header-display":"","site-post-title":"","ast-breadcrumbs-content":"","ast-featured-img":"","footer-sml-layout":"","ast-disable-related-posts":"","theme-transparent-header-meta":"","adv-header-id-meta":"","stick-header-meta":"","header-above-stick-meta":"","header-main-stick-meta":"","header-below-stick-meta":"","astra-migrate-meta-layouts":"set","ast-page-background-enabled":"default","ast-page-background-meta":{"desktop":{"background-color":"","background-image":"","background-repeat":"repeat","background-position":"center center","background-size":"auto","background-attachment":"scroll","background-type":"","background-media":"","overlay-type":"","overlay-color":"","overlay-opacity":"","overlay-gradient":""},"tablet":{"background-color":"","background-image":"","background-repeat":"repeat","background-position":"center center","background-size":"auto","background-attachment":"scroll","background-type":"","background-media":"","overlay-type":"","overlay-color":"","overlay-opacity":"","overlay-gradient":""},"mobile":{"background-color":"","background-image":"","background-repeat":"repeat","background-position":"center center","background-size":"auto","background-attachment":"scroll","background-type":"","background-media":"","overlay-type":"","overlay-color":"","overlay-opacity":"","overlay-gradient":""}},"ast-content-background-meta":{"desktop":{"background-color":"var(--ast-global-color-5)","background-image":"","background-repeat":"repeat","background-position":"center center","background-size":"auto","background-attachment":"scroll","background-type":"","background-media":"","overlay-type":"","overlay-color":"","overlay-opacity":"","overlay-gradient":""},"tablet":{"background-color":"var(--ast-global-color-5)","background-image":"","background-repeat":"repeat","background-position":"center center","background-size":"auto","background-attachment":"scroll","background-type":"","background-media":"","overlay-type":"","overlay-color":"","overlay-opacity":"","overlay-gradient":""},"mobile":{"background-color":"var(--ast-global-color-5)","background-image":"","background-repeat":"repeat","background-position":"center center","background-size":"auto","background-attachment":"scroll","background-type":"","background-media":"","overlay-type":"","overlay-color":"","overlay-opacity":"","overlay-gradient":""}},"footnotes":""},"class_list":["post-2777","page","type-page","status-publish","hentry"],"uagb_featured_image_src":{"full":false,"thumbnail":false,"medium":false,"medium_large":false,"large":false,"1536x1536":false,"2048x2048":false,"woocommerce_thumbnail":false,"woocommerce_single":false,"woocommerce_gallery_thumbnail":false},"uagb_author_info":{"display_name":"admin3131","author_link":"https:\/\/shop.kent-artiste.com\/index.php\/author\/admin3131\/"},"uagb_comment_info":0,"uagb_excerpt":"Les commandes seront trait\u00e9es dans un d\u00e9lai de 5 jours ouvr\u00e9s \u00e0 compter de la date du jour de la [&hellip;]","_links":{"self":[{"href":"https:\/\/shop.kent-artiste.com\/index.php\/wp-json\/wp\/v2\/pages\/2777","targetHints":{"allow":["GET"]}}],"collection":[{"href":"https:\/\/shop.kent-artiste.com\/index.php\/wp-json\/wp\/v2\/pages"}],"about":[{"href":"https:\/\/shop.kent-artiste.com\/index.php\/wp-json\/wp\/v2\/types\/page"}],"author":[{"embeddable":true,"href":"https:\/\/shop.kent-artiste.com\/index.php\/wp-json\/wp\/v2\/users\/1"}],"replies":[{"embeddable":true,"href":"https:\/\/shop.kent-artiste.com\/index.php\/wp-json\/wp\/v2\/comments?post=2777"}],"version-history":[{"count":1,"href":"https:\/\/shop.kent-artiste.com\/index.php\/wp-json\/wp\/v2\/pages\/2777\/revisions"}],"predecessor-version":[{"id":3060,"href":"https:\/\/shop.kent-artiste.com\/index.php\/wp-json\/wp\/v2\/pages\/2777\/revisions\/3060"}],"wp:attachment":[{"href":"https:\/\/shop.kent-artiste.com\/index.php\/wp-json\/wp\/v2\/media?parent=2777"}],"curies":[{"name":"wp","href":"https:\/\/api.w.org\/{rel}","templated":true}]}}