{"id":2984,"date":"2024-12-09T11:45:13","date_gmt":"2024-12-09T10:45:13","guid":{"rendered":"http:\/\/zopossz.cluster027.hosting.ovh.net\/?page_id=2984"},"modified":"2024-12-21T00:21:40","modified_gmt":"2024-12-20T23:21:40","slug":"oeuvres-dart","status":"publish","type":"page","link":"https:\/\/shop.kent-artiste.com\/index.php\/oeuvres-dart\/","title":{"rendered":"Art"},"content":{"rendered":"\n<p>Il est possible d&rsquo;acqu\u00e9rir des originaux des bandes dessin\u00e9es : L&rsquo;Homme de Mars, Elvis \u00ab\u00a0Ombre et Lumi\u00e8re\u00a0\u00bb. Il est \u00e9galement possible d&rsquo;acqu\u00e9rir des tirages sign\u00e9s.<\/p>\n\n\n\n<p>Pour toute demande concernant l&rsquo;acquisition d&rsquo;une \u0153uvre : <\/p>\n\n\n\n<ul class=\"wp-block-list\">\n<li>Prix et disponibilit\u00e9 sur demande<\/li>\n\n\n\n<li>Les tirages sont sign\u00e9s et r\u00e9alis\u00e9s sur un papier fine art<\/li>\n\n\n\n<li>Les exp\u00e9ditions se font uniquement en recommand\u00e9 colissimo<\/li>\n\n\n\n<li>Chaque \u0153uvre est accompagn\u00e9e d&rsquo;un certificat d&rsquo;authenticit\u00e9<\/li>\n\n\n\n<li>Pour plus d&rsquo;informations, merci de nous contacter via le <a href=\"http:\/\/shop.kent-artiste.com\/index.php\/contact\/\" data-type=\"page\" data-id=\"2852\">formulaire de contact<\/a><\/li>\n<\/ul>\n\n\n\n<p><\/p>\n","protected":false},"excerpt":{"rendered":"<p>Il est possible d&rsquo;acqu\u00e9rir des originaux des bandes dessin\u00e9es : L&rsquo;Homme de Mars, Elvis \u00ab\u00a0Ombre et Lumi\u00e8re\u00a0\u00bb. Il est \u00e9galement [&hellip;]<\/p>\n","protected":false},"author":1,"featured_media":0,"parent":0,"menu_order":0,"comment_status":"closed","ping_status":"closed","template":"","meta":{"_uag_custom_page_level_css":"","site-sidebar-layout":"default","site-content-layout":"","ast-site-content-layout":"default","site-content-style":"default","site-sidebar-style":"default","ast-global-header-display":"","ast-banner-title-visibility":"","ast-main-header-display":"","ast-hfb-above-header-display":"","ast-hfb-below-header-display":"","ast-hfb-mobile-header-display":"","site-post-title":"","ast-breadcrumbs-content":"","ast-featured-img":"","footer-sml-layout":"","ast-disable-related-posts":"","theme-transparent-header-meta":"","adv-header-id-meta":"","stick-header-meta":"","header-above-stick-meta":"","header-main-stick-meta":"","header-below-stick-meta":"","astra-migrate-meta-layouts":"default","ast-page-background-enabled":"default","ast-page-background-meta":{"desktop":{"background-color":"var(--ast-global-color-4)","background-image":"","background-repeat":"repeat","background-position":"center center","background-size":"auto","background-attachment":"scroll","background-type":"","background-media":"","overlay-type":"","overlay-color":"","overlay-opacity":"","overlay-gradient":""},"tablet":{"background-color":"","background-image":"","background-repeat":"repeat","background-position":"center center","background-size":"auto","background-attachment":"scroll","background-type":"","background-media":"","overlay-type":"","overlay-color":"","overlay-opacity":"","overlay-gradient":""},"mobile":{"background-color":"","background-image":"","background-repeat":"repeat","background-position":"center center","background-size":"auto","background-attachment":"scroll","background-type":"","background-media":"","overlay-type":"","overlay-color":"","overlay-opacity":"","overlay-gradient":""}},"ast-content-background-meta":{"desktop":{"background-color":"var(--ast-global-color-5)","background-image":"","background-repeat":"repeat","background-position":"center center","background-size":"auto","background-attachment":"scroll","background-type":"","background-media":"","overlay-type":"","overlay-color":"","overlay-opacity":"","overlay-gradient":""},"tablet":{"background-color":"var(--ast-global-color-5)","background-image":"","background-repeat":"repeat","background-position":"center center","background-size":"auto","background-attachment":"scroll","background-type":"","background-media":"","overlay-type":"","overlay-color":"","overlay-opacity":"","overlay-gradient":""},"mobile":{"background-color":"var(--ast-global-color-5)","background-image":"","background-repeat":"repeat","background-position":"center center","background-size":"auto","background-attachment":"scroll","background-type":"","background-media":"","overlay-type":"","overlay-color":"","overlay-opacity":"","overlay-gradient":""}},"footnotes":""},"class_list":["post-2984","page","type-page","status-publish","hentry"],"uagb_featured_image_src":{"full":false,"thumbnail":false,"medium":false,"medium_large":false,"large":false,"1536x1536":false,"2048x2048":false,"woocommerce_thumbnail":false,"woocommerce_single":false,"woocommerce_gallery_thumbnail":false},"uagb_author_info":{"display_name":"admin3131","author_link":"https:\/\/shop.kent-artiste.com\/index.php\/author\/admin3131\/"},"uagb_comment_info":0,"uagb_excerpt":"Il est possible d&rsquo;acqu\u00e9rir des originaux des bandes dessin\u00e9es : L&rsquo;Homme de Mars, Elvis \u00ab\u00a0Ombre et Lumi\u00e8re\u00a0\u00bb. Il est \u00e9galement [&hellip;]","_links":{"self":[{"href":"https:\/\/shop.kent-artiste.com\/index.php\/wp-json\/wp\/v2\/pages\/2984","targetHints":{"allow":["GET"]}}],"collection":[{"href":"https:\/\/shop.kent-artiste.com\/index.php\/wp-json\/wp\/v2\/pages"}],"about":[{"href":"https:\/\/shop.kent-artiste.com\/index.php\/wp-json\/wp\/v2\/types\/page"}],"author":[{"embeddable":true,"href":"https:\/\/shop.kent-artiste.com\/index.php\/wp-json\/wp\/v2\/users\/1"}],"replies":[{"embeddable":true,"href":"https:\/\/shop.kent-artiste.com\/index.php\/wp-json\/wp\/v2\/comments?post=2984"}],"version-history":[{"count":21,"href":"https:\/\/shop.kent-artiste.com\/index.php\/wp-json\/wp\/v2\/pages\/2984\/revisions"}],"predecessor-version":[{"id":3116,"href":"https:\/\/shop.kent-artiste.com\/index.php\/wp-json\/wp\/v2\/pages\/2984\/revisions\/3116"}],"wp:attachment":[{"href":"https:\/\/shop.kent-artiste.com\/index.php\/wp-json\/wp\/v2\/media?parent=2984"}],"curies":[{"name":"wp","href":"https:\/\/api.w.org\/{rel}","templated":true}]}}