{"id":114,"date":"2024-11-23T15:18:46","date_gmt":"2024-11-23T14:18:46","guid":{"rendered":"http:\/\/boutique-kent.local\/?post_type=product&#038;p=114"},"modified":"2024-12-16T16:00:30","modified_gmt":"2024-12-16T15:00:30","slug":"panorama","status":"publish","type":"product","link":"https:\/\/shop.kent-artiste.com\/index.php\/product\/panorama\/","title":{"rendered":"Panorama"},"content":{"rendered":"<p>Si les chansons propos\u00e9es ne sont nullement inconnues, Panorama n&rsquo;est ni un best of, ni un vulgaire greatest hits, mais plut\u00f4t un greatest trip. Ce sont des versions rhabill\u00e9es de neuf, remises en perspective &#8230; un pr\u00e9texte \u00e0 les red\u00e9couvrir, parfois en duo (Arthur H, Dominique A, Agn\u00e8s Jaoui, Barbara Carlotti, Suzanne Vega).<\/p>\n<p>Trois in\u00e9dits : Panorama, Une ville \u00e0 aimer, Cash.<\/p>\n<p>Sortie : 2009<\/p>\n<p><a href=\"https:\/\/kent-artiste.com\/musique-album.php?lang=fr&amp;albu_id=16\" target=\"_blank\" rel=\"noopener\">\u2192 plus d&rsquo;infos<\/a><\/p>\n","protected":false},"excerpt":{"rendered":"<p>Disponible en CD<\/p>\n","protected":false},"featured_media":3037,"template":"","meta":{"_uag_custom_page_level_css":"","site-sidebar-layout":"default","site-content-layout":"","ast-site-content-layout":"default","site-content-style":"default","site-sidebar-style":"default","ast-global-header-display":"","ast-banner-title-visibility":"","ast-main-header-display":"","ast-hfb-above-header-display":"","ast-hfb-below-header-display":"","ast-hfb-mobile-header-display":"","site-post-title":"","ast-breadcrumbs-content":"","ast-featured-img":"","footer-sml-layout":"","ast-disable-related-posts":"","theme-transparent-header-meta":"default","adv-header-id-meta":"","stick-header-meta":"","header-above-stick-meta":"","header-main-stick-meta":"","header-below-stick-meta":"","astra-migrate-meta-layouts":"set","ast-page-background-enabled":"default","ast-page-background-meta":{"desktop":{"background-color":"var(--ast-global-color-4)","background-image":"","background-repeat":"repeat","background-position":"center center","background-size":"auto","background-attachment":"scroll","background-type":"","background-media":"","overlay-type":"","overlay-color":"","overlay-opacity":"","overlay-gradient":""},"tablet":{"background-color":"","background-image":"","background-repeat":"repeat","background-position":"center center","background-size":"auto","background-attachment":"scroll","background-type":"","background-media":"","overlay-type":"","overlay-color":"","overlay-opacity":"","overlay-gradient":""},"mobile":{"background-color":"","background-image":"","background-repeat":"repeat","background-position":"center center","background-size":"auto","background-attachment":"scroll","background-type":"","background-media":"","overlay-type":"","overlay-color":"","overlay-opacity":"","overlay-gradient":""}},"ast-content-background-meta":{"desktop":{"background-color":"var(--ast-global-color-5)","background-image":"","background-repeat":"repeat","background-position":"center center","background-size":"auto","background-attachment":"scroll","background-type":"","background-media":"","overlay-type":"","overlay-color":"","overlay-opacity":"","overlay-gradient":""},"tablet":{"background-color":"var(--ast-global-color-5)","background-image":"","background-repeat":"repeat","background-position":"center center","background-size":"auto","background-attachment":"scroll","background-type":"","background-media":"","overlay-type":"","overlay-color":"","overlay-opacity":"","overlay-gradient":""},"mobile":{"background-color":"var(--ast-global-color-5)","background-image":"","background-repeat":"repeat","background-position":"center center","background-size":"auto","background-attachment":"scroll","background-type":"","background-media":"","overlay-type":"","overlay-color":"","overlay-opacity":"","overlay-gradient":""}}},"product_brand":[],"product_cat":[40],"product_tag":[],"class_list":{"0":"post-114","1":"product","2":"type-product","3":"status-publish","4":"has-post-thumbnail","6":"product_cat-musique","7":"product_shipping_class-cd","8":"desktop-align-left","9":"tablet-align-left","10":"mobile-align-left","12":"first","13":"instock","14":"shipping-taxable","15":"purchasable","16":"product-type-variable","17":"has-default-attributes"},"uagb_featured_image_src":{"full":["https:\/\/shop.kent-artiste.com\/wp-content\/uploads\/2024\/12\/KENT-Panorama-1000X1000.jpg",1000,1000,false],"thumbnail":["https:\/\/shop.kent-artiste.com\/wp-content\/uploads\/2024\/12\/KENT-Panorama-1000X1000-150x150.jpg",150,150,true],"medium":["https:\/\/shop.kent-artiste.com\/wp-content\/uploads\/2024\/12\/KENT-Panorama-1000X1000-300x300.jpg",300,300,true],"medium_large":["https:\/\/shop.kent-artiste.com\/wp-content\/uploads\/2024\/12\/KENT-Panorama-1000X1000-768x768.jpg",768,768,true],"large":["https:\/\/shop.kent-artiste.com\/wp-content\/uploads\/2024\/12\/KENT-Panorama-1000X1000.jpg",1000,1000,false],"1536x1536":["https:\/\/shop.kent-artiste.com\/wp-content\/uploads\/2024\/12\/KENT-Panorama-1000X1000.jpg",1000,1000,false],"2048x2048":["https:\/\/shop.kent-artiste.com\/wp-content\/uploads\/2024\/12\/KENT-Panorama-1000X1000.jpg",1000,1000,false],"woocommerce_thumbnail":["https:\/\/shop.kent-artiste.com\/wp-content\/uploads\/2024\/12\/KENT-Panorama-1000X1000-300x300.jpg",300,300,true],"woocommerce_single":["https:\/\/shop.kent-artiste.com\/wp-content\/uploads\/2024\/12\/KENT-Panorama-1000X1000-600x600.jpg",600,600,true],"woocommerce_gallery_thumbnail":["https:\/\/shop.kent-artiste.com\/wp-content\/uploads\/2024\/12\/KENT-Panorama-1000X1000-100x100.jpg",100,100,true]},"uagb_author_info":{"display_name":"admin3131","author_link":"https:\/\/shop.kent-artiste.com\/index.php\/author\/"},"uagb_comment_info":0,"uagb_excerpt":"Disponible en CD","_links":{"self":[{"href":"https:\/\/shop.kent-artiste.com\/index.php\/wp-json\/wp\/v2\/product\/114","targetHints":{"allow":["GET"]}}],"collection":[{"href":"https:\/\/shop.kent-artiste.com\/index.php\/wp-json\/wp\/v2\/product"}],"about":[{"href":"https:\/\/shop.kent-artiste.com\/index.php\/wp-json\/wp\/v2\/types\/product"}],"wp:featuredmedia":[{"embeddable":true,"href":"https:\/\/shop.kent-artiste.com\/index.php\/wp-json\/wp\/v2\/media\/3037"}],"wp:attachment":[{"href":"https:\/\/shop.kent-artiste.com\/index.php\/wp-json\/wp\/v2\/media?parent=114"}],"wp:term":[{"taxonomy":"product_brand","embeddable":true,"href":"https:\/\/shop.kent-artiste.com\/index.php\/wp-json\/wp\/v2\/product_brand?post=114"},{"taxonomy":"product_cat","embeddable":true,"href":"https:\/\/shop.kent-artiste.com\/index.php\/wp-json\/wp\/v2\/product_cat?post=114"},{"taxonomy":"product_tag","embeddable":true,"href":"https:\/\/shop.kent-artiste.com\/index.php\/wp-json\/wp\/v2\/product_tag?post=114"}],"curies":[{"name":"wp","href":"https:\/\/api.w.org\/{rel}","templated":true}]}}