{"id":121,"date":"2024-11-23T15:44:30","date_gmt":"2024-11-23T14:44:30","guid":{"rendered":"http:\/\/boutique-kent.local\/?post_type=product&#038;p=121"},"modified":"2024-12-16T15:42:53","modified_gmt":"2024-12-16T14:42:53","slug":"deutsche-tournee-98","status":"publish","type":"product","link":"https:\/\/shop.kent-artiste.com\/index.php\/product\/deutsche-tournee-98\/","title":{"rendered":"Deutsche Tournee 98"},"content":{"rendered":"<div class=\"rte\">\n<h6>Intime Collection #3<\/h6>\n<p>R\u00e9pertoire enregistr\u00e9 en mai 1998, directement en sortie console sur plusieurs soirs, \u00e0 l\u2019occasion d\u2019une tourn\u00e9e en Allemagne.<br \/>\nTourn\u00e9e printani\u00e8re et d\u00e9contract\u00e9e en compagnie de Fran\u00e7ois Br\u00e9ant, Muriel Boisson et Michel Zacha. Deutsche Tournee restitue au mieux ce moment de d\u00e9sinvolture.<\/p>\n<p><a href=\"https:\/\/kent-artiste.com\/musique-album.php?albu_id=26\" target=\"_blank\" rel=\"noopener\">\u2192 plus d&rsquo;infos<\/a><\/p>\n<\/div>\n","protected":false},"excerpt":{"rendered":"<p>Disponible en CD<\/p>\n","protected":false},"featured_media":3031,"template":"","meta":{"_uag_custom_page_level_css":"","site-sidebar-layout":"default","site-content-layout":"","ast-site-content-layout":"default","site-content-style":"default","site-sidebar-style":"default","ast-global-header-display":"","ast-banner-title-visibility":"","ast-main-header-display":"","ast-hfb-above-header-display":"","ast-hfb-below-header-display":"","ast-hfb-mobile-header-display":"","site-post-title":"","ast-breadcrumbs-content":"","ast-featured-img":"","footer-sml-layout":"","ast-disable-related-posts":"","theme-transparent-header-meta":"default","adv-header-id-meta":"","stick-header-meta":"","header-above-stick-meta":"","header-main-stick-meta":"","header-below-stick-meta":"","astra-migrate-meta-layouts":"set","ast-page-background-enabled":"default","ast-page-background-meta":{"desktop":{"background-color":"var(--ast-global-color-4)","background-image":"","background-repeat":"repeat","background-position":"center center","background-size":"auto","background-attachment":"scroll","background-type":"","background-media":"","overlay-type":"","overlay-color":"","overlay-opacity":"","overlay-gradient":""},"tablet":{"background-color":"","background-image":"","background-repeat":"repeat","background-position":"center center","background-size":"auto","background-attachment":"scroll","background-type":"","background-media":"","overlay-type":"","overlay-color":"","overlay-opacity":"","overlay-gradient":""},"mobile":{"background-color":"","background-image":"","background-repeat":"repeat","background-position":"center center","background-size":"auto","background-attachment":"scroll","background-type":"","background-media":"","overlay-type":"","overlay-color":"","overlay-opacity":"","overlay-gradient":""}},"ast-content-background-meta":{"desktop":{"background-color":"var(--ast-global-color-5)","background-image":"","background-repeat":"repeat","background-position":"center center","background-size":"auto","background-attachment":"scroll","background-type":"","background-media":"","overlay-type":"","overlay-color":"","overlay-opacity":"","overlay-gradient":""},"tablet":{"background-color":"var(--ast-global-color-5)","background-image":"","background-repeat":"repeat","background-position":"center center","background-size":"auto","background-attachment":"scroll","background-type":"","background-media":"","overlay-type":"","overlay-color":"","overlay-opacity":"","overlay-gradient":""},"mobile":{"background-color":"var(--ast-global-color-5)","background-image":"","background-repeat":"repeat","background-position":"center center","background-size":"auto","background-attachment":"scroll","background-type":"","background-media":"","overlay-type":"","overlay-color":"","overlay-opacity":"","overlay-gradient":""}}},"product_brand":[],"product_cat":[52,40],"product_tag":[],"class_list":{"0":"post-121","1":"product","2":"type-product","3":"status-publish","4":"has-post-thumbnail","6":"product_cat-intime-collection","7":"product_cat-musique","8":"product_shipping_class-cd","9":"desktop-align-left","10":"tablet-align-left","11":"mobile-align-left","13":"first","14":"instock","15":"shipping-taxable","16":"purchasable","17":"product-type-variable","18":"has-default-attributes"},"uagb_featured_image_src":{"full":["https:\/\/shop.kent-artiste.com\/wp-content\/uploads\/2024\/12\/KENT-Deutsche-Tournee-1000X1000.jpg",1000,1000,false],"thumbnail":["https:\/\/shop.kent-artiste.com\/wp-content\/uploads\/2024\/12\/KENT-Deutsche-Tournee-1000X1000-150x150.jpg",150,150,true],"medium":["https:\/\/shop.kent-artiste.com\/wp-content\/uploads\/2024\/12\/KENT-Deutsche-Tournee-1000X1000-300x300.jpg",300,300,true],"medium_large":["https:\/\/shop.kent-artiste.com\/wp-content\/uploads\/2024\/12\/KENT-Deutsche-Tournee-1000X1000-768x768.jpg",768,768,true],"large":["https:\/\/shop.kent-artiste.com\/wp-content\/uploads\/2024\/12\/KENT-Deutsche-Tournee-1000X1000.jpg",1000,1000,false],"1536x1536":["https:\/\/shop.kent-artiste.com\/wp-content\/uploads\/2024\/12\/KENT-Deutsche-Tournee-1000X1000.jpg",1000,1000,false],"2048x2048":["https:\/\/shop.kent-artiste.com\/wp-content\/uploads\/2024\/12\/KENT-Deutsche-Tournee-1000X1000.jpg",1000,1000,false],"woocommerce_thumbnail":["https:\/\/shop.kent-artiste.com\/wp-content\/uploads\/2024\/12\/KENT-Deutsche-Tournee-1000X1000-300x300.jpg",300,300,true],"woocommerce_single":["https:\/\/shop.kent-artiste.com\/wp-content\/uploads\/2024\/12\/KENT-Deutsche-Tournee-1000X1000-600x600.jpg",600,600,true],"woocommerce_gallery_thumbnail":["https:\/\/shop.kent-artiste.com\/wp-content\/uploads\/2024\/12\/KENT-Deutsche-Tournee-1000X1000-100x100.jpg",100,100,true]},"uagb_author_info":{"display_name":"admin3131","author_link":"https:\/\/shop.kent-artiste.com\/index.php\/author\/"},"uagb_comment_info":0,"uagb_excerpt":"Disponible en CD","_links":{"self":[{"href":"https:\/\/shop.kent-artiste.com\/index.php\/wp-json\/wp\/v2\/product\/121","targetHints":{"allow":["GET"]}}],"collection":[{"href":"https:\/\/shop.kent-artiste.com\/index.php\/wp-json\/wp\/v2\/product"}],"about":[{"href":"https:\/\/shop.kent-artiste.com\/index.php\/wp-json\/wp\/v2\/types\/product"}],"wp:featuredmedia":[{"embeddable":true,"href":"https:\/\/shop.kent-artiste.com\/index.php\/wp-json\/wp\/v2\/media\/3031"}],"wp:attachment":[{"href":"https:\/\/shop.kent-artiste.com\/index.php\/wp-json\/wp\/v2\/media?parent=121"}],"wp:term":[{"taxonomy":"product_brand","embeddable":true,"href":"https:\/\/shop.kent-artiste.com\/index.php\/wp-json\/wp\/v2\/product_brand?post=121"},{"taxonomy":"product_cat","embeddable":true,"href":"https:\/\/shop.kent-artiste.com\/index.php\/wp-json\/wp\/v2\/product_cat?post=121"},{"taxonomy":"product_tag","embeddable":true,"href":"https:\/\/shop.kent-artiste.com\/index.php\/wp-json\/wp\/v2\/product_tag?post=121"}],"curies":[{"name":"wp","href":"https:\/\/api.w.org\/{rel}","templated":true}]}}