{"id":123,"date":"2024-11-23T15:49:25","date_gmt":"2024-11-23T14:49:25","guid":{"rendered":"http:\/\/boutique-kent.local\/?post_type=product&#038;p=123"},"modified":"2024-12-16T15:41:14","modified_gmt":"2024-12-16T14:41:14","slug":"circuit-electrique","status":"publish","type":"product","link":"https:\/\/shop.kent-artiste.com\/index.php\/product\/circuit-electrique\/","title":{"rendered":"Circuit Electrique"},"content":{"rendered":"<h6>Intime Collection #2<\/h6>\n<p>Concert enregistr\u00e9 le 27 mai 2000 au Brise-Glace \u00e0 Annecy.<\/p>\n<p>D\u00e9but 2000, L&rsquo;enregistrement de l&rsquo;album <em>Cyclone<\/em> vient de se terminer \u00e0 Los Angeles. En attendant sa sortie, Le <em>Circuit Electrique<\/em>, tourn\u00e9e non-officielle et sans promo, part sur les routes : mini-bus, \u00e9quipe r\u00e9duite et dynamique mais surtout une grande dose de spontan\u00e9it\u00e9.<\/p>\n<p><strong>\u00a0<\/strong><\/p>\n<p>&nbsp;<\/p>\n<p><a href=\"https:\/\/kent-artiste.com\/musique-album.php?albu_id=23\" target=\"_blank\" rel=\"noopener\">\u2192 plus d&rsquo;infos<\/a><\/p>\n","protected":false},"excerpt":{"rendered":"<p>Disponible en CD<\/p>\n","protected":false},"featured_media":3030,"template":"","meta":{"_uag_custom_page_level_css":"","site-sidebar-layout":"default","site-content-layout":"","ast-site-content-layout":"default","site-content-style":"default","site-sidebar-style":"default","ast-global-header-display":"","ast-banner-title-visibility":"","ast-main-header-display":"","ast-hfb-above-header-display":"","ast-hfb-below-header-display":"","ast-hfb-mobile-header-display":"","site-post-title":"","ast-breadcrumbs-content":"","ast-featured-img":"","footer-sml-layout":"","ast-disable-related-posts":"","theme-transparent-header-meta":"default","adv-header-id-meta":"","stick-header-meta":"","header-above-stick-meta":"","header-main-stick-meta":"","header-below-stick-meta":"","astra-migrate-meta-layouts":"set","ast-page-background-enabled":"default","ast-page-background-meta":{"desktop":{"background-color":"var(--ast-global-color-4)","background-image":"","background-repeat":"repeat","background-position":"center center","background-size":"auto","background-attachment":"scroll","background-type":"","background-media":"","overlay-type":"","overlay-color":"","overlay-opacity":"","overlay-gradient":""},"tablet":{"background-color":"","background-image":"","background-repeat":"repeat","background-position":"center center","background-size":"auto","background-attachment":"scroll","background-type":"","background-media":"","overlay-type":"","overlay-color":"","overlay-opacity":"","overlay-gradient":""},"mobile":{"background-color":"","background-image":"","background-repeat":"repeat","background-position":"center center","background-size":"auto","background-attachment":"scroll","background-type":"","background-media":"","overlay-type":"","overlay-color":"","overlay-opacity":"","overlay-gradient":""}},"ast-content-background-meta":{"desktop":{"background-color":"var(--ast-global-color-5)","background-image":"","background-repeat":"repeat","background-position":"center center","background-size":"auto","background-attachment":"scroll","background-type":"","background-media":"","overlay-type":"","overlay-color":"","overlay-opacity":"","overlay-gradient":""},"tablet":{"background-color":"var(--ast-global-color-5)","background-image":"","background-repeat":"repeat","background-position":"center center","background-size":"auto","background-attachment":"scroll","background-type":"","background-media":"","overlay-type":"","overlay-color":"","overlay-opacity":"","overlay-gradient":""},"mobile":{"background-color":"var(--ast-global-color-5)","background-image":"","background-repeat":"repeat","background-position":"center center","background-size":"auto","background-attachment":"scroll","background-type":"","background-media":"","overlay-type":"","overlay-color":"","overlay-opacity":"","overlay-gradient":""}}},"product_brand":[],"product_cat":[52,40],"product_tag":[],"class_list":{"0":"post-123","1":"product","2":"type-product","3":"status-publish","4":"has-post-thumbnail","6":"product_cat-intime-collection","7":"product_cat-musique","8":"product_shipping_class-cd","9":"desktop-align-left","10":"tablet-align-left","11":"mobile-align-left","13":"first","14":"instock","15":"shipping-taxable","16":"purchasable","17":"product-type-variable","18":"has-default-attributes"},"uagb_featured_image_src":{"full":["https:\/\/shop.kent-artiste.com\/wp-content\/uploads\/2024\/12\/KENT-Circuit-electrique-1000X1000.jpg",1000,1000,false],"thumbnail":["https:\/\/shop.kent-artiste.com\/wp-content\/uploads\/2024\/12\/KENT-Circuit-electrique-1000X1000-150x150.jpg",150,150,true],"medium":["https:\/\/shop.kent-artiste.com\/wp-content\/uploads\/2024\/12\/KENT-Circuit-electrique-1000X1000-300x300.jpg",300,300,true],"medium_large":["https:\/\/shop.kent-artiste.com\/wp-content\/uploads\/2024\/12\/KENT-Circuit-electrique-1000X1000-768x768.jpg",768,768,true],"large":["https:\/\/shop.kent-artiste.com\/wp-content\/uploads\/2024\/12\/KENT-Circuit-electrique-1000X1000.jpg",1000,1000,false],"1536x1536":["https:\/\/shop.kent-artiste.com\/wp-content\/uploads\/2024\/12\/KENT-Circuit-electrique-1000X1000.jpg",1000,1000,false],"2048x2048":["https:\/\/shop.kent-artiste.com\/wp-content\/uploads\/2024\/12\/KENT-Circuit-electrique-1000X1000.jpg",1000,1000,false],"woocommerce_thumbnail":["https:\/\/shop.kent-artiste.com\/wp-content\/uploads\/2024\/12\/KENT-Circuit-electrique-1000X1000-300x300.jpg",300,300,true],"woocommerce_single":["https:\/\/shop.kent-artiste.com\/wp-content\/uploads\/2024\/12\/KENT-Circuit-electrique-1000X1000-600x600.jpg",600,600,true],"woocommerce_gallery_thumbnail":["https:\/\/shop.kent-artiste.com\/wp-content\/uploads\/2024\/12\/KENT-Circuit-electrique-1000X1000-100x100.jpg",100,100,true]},"uagb_author_info":{"display_name":"admin3131","author_link":"https:\/\/shop.kent-artiste.com\/index.php\/author\/"},"uagb_comment_info":0,"uagb_excerpt":"Disponible en CD","_links":{"self":[{"href":"https:\/\/shop.kent-artiste.com\/index.php\/wp-json\/wp\/v2\/product\/123","targetHints":{"allow":["GET"]}}],"collection":[{"href":"https:\/\/shop.kent-artiste.com\/index.php\/wp-json\/wp\/v2\/product"}],"about":[{"href":"https:\/\/shop.kent-artiste.com\/index.php\/wp-json\/wp\/v2\/types\/product"}],"wp:featuredmedia":[{"embeddable":true,"href":"https:\/\/shop.kent-artiste.com\/index.php\/wp-json\/wp\/v2\/media\/3030"}],"wp:attachment":[{"href":"https:\/\/shop.kent-artiste.com\/index.php\/wp-json\/wp\/v2\/media?parent=123"}],"wp:term":[{"taxonomy":"product_brand","embeddable":true,"href":"https:\/\/shop.kent-artiste.com\/index.php\/wp-json\/wp\/v2\/product_brand?post=123"},{"taxonomy":"product_cat","embeddable":true,"href":"https:\/\/shop.kent-artiste.com\/index.php\/wp-json\/wp\/v2\/product_cat?post=123"},{"taxonomy":"product_tag","embeddable":true,"href":"https:\/\/shop.kent-artiste.com\/index.php\/wp-json\/wp\/v2\/product_tag?post=123"}],"curies":[{"name":"wp","href":"https:\/\/api.w.org\/{rel}","templated":true}]}}