{"id":127,"date":"2024-11-23T16:18:42","date_gmt":"2024-11-23T15:18:42","guid":{"rendered":"http:\/\/boutique-kent.local\/?post_type=product&#038;p=127"},"modified":"2024-12-16T16:22:14","modified_gmt":"2024-12-16T15:22:14","slug":"elvis-ombre-et-lumiere","status":"publish","type":"product","link":"https:\/\/shop.kent-artiste.com\/index.php\/product\/elvis-ombre-et-lumiere\/","title":{"rendered":"Elvis &#8211; Ombre et Lumi\u00e8re"},"content":{"rendered":"<div id=\"short_description_content\" class=\"rte align_justify\">\n<p>Elvis, le King,\u00a0 est une figure solaire, sans lui le Rock&rsquo;n&rsquo;Roll n&rsquo;aurait pas \u00e9t\u00e9 aussi flamboyant. <strong>\u00ab\u00a0Ombre et Lumi\u00e8re\u00a0\u00bb<\/strong>, c&rsquo;est le r\u00e9cit de son destin jusqu&rsquo;\u00e0 cette derni\u00e8re nuit de 1977 \u00e0 Graceland. Un roman graphique intemporel de 135 pages illustr\u00e9 par Kent et co-\u00e9crit avec Patrick Mah\u00e9.<\/p>\n<p>Paru au Seuil\/Delcourt en 2019<\/p>\n<p><a href=\"https:\/\/kent-artiste.com\/livre.php?livr_id=26\" target=\"_blank\" rel=\"noopener\">\u2192 plus d&rsquo;infos<\/a><\/p>\n<\/div>\n","protected":false},"excerpt":{"rendered":"<p>Roman graphique<\/p>\n","protected":false},"featured_media":2962,"template":"","meta":{"_uag_custom_page_level_css":"","site-sidebar-layout":"default","site-content-layout":"","ast-site-content-layout":"default","site-content-style":"default","site-sidebar-style":"default","ast-global-header-display":"","ast-banner-title-visibility":"","ast-main-header-display":"","ast-hfb-above-header-display":"","ast-hfb-below-header-display":"","ast-hfb-mobile-header-display":"","site-post-title":"","ast-breadcrumbs-content":"","ast-featured-img":"","footer-sml-layout":"","ast-disable-related-posts":"","theme-transparent-header-meta":"default","adv-header-id-meta":"","stick-header-meta":"","header-above-stick-meta":"","header-main-stick-meta":"","header-below-stick-meta":"","astra-migrate-meta-layouts":"set","ast-page-background-enabled":"default","ast-page-background-meta":{"desktop":{"background-color":"var(--ast-global-color-4)","background-image":"","background-repeat":"repeat","background-position":"center center","background-size":"auto","background-attachment":"scroll","background-type":"","background-media":"","overlay-type":"","overlay-color":"","overlay-opacity":"","overlay-gradient":""},"tablet":{"background-color":"","background-image":"","background-repeat":"repeat","background-position":"center center","background-size":"auto","background-attachment":"scroll","background-type":"","background-media":"","overlay-type":"","overlay-color":"","overlay-opacity":"","overlay-gradient":""},"mobile":{"background-color":"","background-image":"","background-repeat":"repeat","background-position":"center center","background-size":"auto","background-attachment":"scroll","background-type":"","background-media":"","overlay-type":"","overlay-color":"","overlay-opacity":"","overlay-gradient":""}},"ast-content-background-meta":{"desktop":{"background-color":"var(--ast-global-color-5)","background-image":"","background-repeat":"repeat","background-position":"center center","background-size":"auto","background-attachment":"scroll","background-type":"","background-media":"","overlay-type":"","overlay-color":"","overlay-opacity":"","overlay-gradient":""},"tablet":{"background-color":"var(--ast-global-color-5)","background-image":"","background-repeat":"repeat","background-position":"center center","background-size":"auto","background-attachment":"scroll","background-type":"","background-media":"","overlay-type":"","overlay-color":"","overlay-opacity":"","overlay-gradient":""},"mobile":{"background-color":"var(--ast-global-color-5)","background-image":"","background-repeat":"repeat","background-position":"center center","background-size":"auto","background-attachment":"scroll","background-type":"","background-media":"","overlay-type":"","overlay-color":"","overlay-opacity":"","overlay-gradient":""}}},"product_brand":[],"product_cat":[37],"product_tag":[],"class_list":{"0":"post-127","1":"product","2":"type-product","3":"status-publish","4":"has-post-thumbnail","6":"product_cat-livres","7":"product_shipping_class-livres","8":"desktop-align-left","9":"tablet-align-left","10":"mobile-align-left","12":"first","13":"instock","14":"shipping-taxable","15":"purchasable","16":"product-type-simple"},"uagb_featured_image_src":{"full":["https:\/\/shop.kent-artiste.com\/wp-content\/uploads\/2024\/11\/Kent-Elvis.jpg",800,800,false],"thumbnail":["https:\/\/shop.kent-artiste.com\/wp-content\/uploads\/2024\/11\/Kent-Elvis-150x150.jpg",150,150,true],"medium":["https:\/\/shop.kent-artiste.com\/wp-content\/uploads\/2024\/11\/Kent-Elvis-300x300.jpg",300,300,true],"medium_large":["https:\/\/shop.kent-artiste.com\/wp-content\/uploads\/2024\/11\/Kent-Elvis-768x768.jpg",768,768,true],"large":["https:\/\/shop.kent-artiste.com\/wp-content\/uploads\/2024\/11\/Kent-Elvis.jpg",800,800,false],"1536x1536":["https:\/\/shop.kent-artiste.com\/wp-content\/uploads\/2024\/11\/Kent-Elvis.jpg",800,800,false],"2048x2048":["https:\/\/shop.kent-artiste.com\/wp-content\/uploads\/2024\/11\/Kent-Elvis.jpg",800,800,false],"woocommerce_thumbnail":["https:\/\/shop.kent-artiste.com\/wp-content\/uploads\/2024\/11\/Kent-Elvis-300x300.jpg",300,300,true],"woocommerce_single":["https:\/\/shop.kent-artiste.com\/wp-content\/uploads\/2024\/11\/Kent-Elvis-600x600.jpg",600,600,true],"woocommerce_gallery_thumbnail":["https:\/\/shop.kent-artiste.com\/wp-content\/uploads\/2024\/11\/Kent-Elvis-100x100.jpg",100,100,true]},"uagb_author_info":{"display_name":"admin3131","author_link":"https:\/\/shop.kent-artiste.com\/index.php\/author\/"},"uagb_comment_info":0,"uagb_excerpt":"Roman graphique","_links":{"self":[{"href":"https:\/\/shop.kent-artiste.com\/index.php\/wp-json\/wp\/v2\/product\/127","targetHints":{"allow":["GET"]}}],"collection":[{"href":"https:\/\/shop.kent-artiste.com\/index.php\/wp-json\/wp\/v2\/product"}],"about":[{"href":"https:\/\/shop.kent-artiste.com\/index.php\/wp-json\/wp\/v2\/types\/product"}],"wp:featuredmedia":[{"embeddable":true,"href":"https:\/\/shop.kent-artiste.com\/index.php\/wp-json\/wp\/v2\/media\/2962"}],"wp:attachment":[{"href":"https:\/\/shop.kent-artiste.com\/index.php\/wp-json\/wp\/v2\/media?parent=127"}],"wp:term":[{"taxonomy":"product_brand","embeddable":true,"href":"https:\/\/shop.kent-artiste.com\/index.php\/wp-json\/wp\/v2\/product_brand?post=127"},{"taxonomy":"product_cat","embeddable":true,"href":"https:\/\/shop.kent-artiste.com\/index.php\/wp-json\/wp\/v2\/product_cat?post=127"},{"taxonomy":"product_tag","embeddable":true,"href":"https:\/\/shop.kent-artiste.com\/index.php\/wp-json\/wp\/v2\/product_tag?post=127"}],"curies":[{"name":"wp","href":"https:\/\/api.w.org\/{rel}","templated":true}]}}