{"id":2883,"date":"2024-12-03T12:22:04","date_gmt":"2024-12-03T11:22:04","guid":{"rendered":"http:\/\/boutique-kent.local\/?post_type=product&#038;p=2883"},"modified":"2025-10-16T15:28:01","modified_gmt":"2025-10-16T13:28:01","slug":"kent-le-radiant-edition-limitee","status":"publish","type":"product","link":"https:\/\/shop.kent-artiste.com\/index.php\/product\/kent-le-radiant-edition-limitee\/","title":{"rendered":"Le Radiant"},"content":{"rendered":"<h6>Intime Collection #6<\/h6>\n<p><strong>CD EPUIS\u00c9\u00a0<\/strong><\/p>\n<p>Ce concert, dernier de la tourn\u00e9e Scherzando s&rsquo;est d\u00e9roul\u00e9 en deux parties : la premi\u00e8re b\u00e2tie autour de l&rsquo;album Scherzando ; la seconde autour de Kent en sc\u00e8ne, paru 30 ans plus t\u00f4t et r\u00e9\u00e9dit\u00e9 quelques jours auparavant dans une version augment\u00e9e. J&rsquo;ai souhait\u00e9 pour l&rsquo;occasion inviter des amis sur sc\u00e8ne. Ce fut une soir\u00e9e m\u00e9morable, particuli\u00e8rement chaleureuse. La voici dans son int\u00e9gralit\u00e9 musicale \u00e0 une chanson pr\u00e8s, \u00ab Quel est ton nom? \u00bb, \u00e9cart\u00e9e \u00e0 cause d&rsquo;un probl\u00e8me technique. Dommage pour mon duo avec Samantha Barendson. Nous avons aussi coup\u00e9 les apart\u00e9s entre les chansons, tout n&rsquo;aurait pas tenu sur un double CD.<\/p>\n<p><strong>Sortie officielle le 7 f\u00e9vrier 2025, date anniversaire du concert.<\/strong><br \/>\n<strong>Si vous souhaitez une d\u00e9dicace, merci de le pr\u00e9ciser (ainsi que le nom) en utilisant le formulaire de contact.<\/strong><\/p>\n<p><a href=\"https:\/\/kent-artiste.com\/musique-album.php?lang=fr&amp;albu_id=41\" target=\"_blank\" rel=\"noopener\">\u2192 Plus d&rsquo;infos<\/a><\/p>\n","protected":false},"excerpt":{"rendered":"<p>CD EPUIS\u00c9<\/p>\n","protected":false},"featured_media":2950,"template":"","meta":{"_uag_custom_page_level_css":"","site-sidebar-layout":"default","site-content-layout":"","ast-site-content-layout":"default","site-content-style":"default","site-sidebar-style":"default","ast-global-header-display":"","ast-banner-title-visibility":"","ast-main-header-display":"","ast-hfb-above-header-display":"","ast-hfb-below-header-display":"","ast-hfb-mobile-header-display":"","site-post-title":"","ast-breadcrumbs-content":"","ast-featured-img":"","footer-sml-layout":"","ast-disable-related-posts":"","theme-transparent-header-meta":"default","adv-header-id-meta":"","stick-header-meta":"","header-above-stick-meta":"","header-main-stick-meta":"","header-below-stick-meta":"","astra-migrate-meta-layouts":"set","ast-page-background-enabled":"default","ast-page-background-meta":{"desktop":{"background-color":"var(--ast-global-color-4)","background-image":"","background-repeat":"repeat","background-position":"center center","background-size":"auto","background-attachment":"scroll","background-type":"","background-media":"","overlay-type":"","overlay-color":"","overlay-opacity":"","overlay-gradient":""},"tablet":{"background-color":"","background-image":"","background-repeat":"repeat","background-position":"center center","background-size":"auto","background-attachment":"scroll","background-type":"","background-media":"","overlay-type":"","overlay-color":"","overlay-opacity":"","overlay-gradient":""},"mobile":{"background-color":"","background-image":"","background-repeat":"repeat","background-position":"center center","background-size":"auto","background-attachment":"scroll","background-type":"","background-media":"","overlay-type":"","overlay-color":"","overlay-opacity":"","overlay-gradient":""}},"ast-content-background-meta":{"desktop":{"background-color":"var(--ast-global-color-5)","background-image":"","background-repeat":"repeat","background-position":"center center","background-size":"auto","background-attachment":"scroll","background-type":"","background-media":"","overlay-type":"","overlay-color":"","overlay-opacity":"","overlay-gradient":""},"tablet":{"background-color":"var(--ast-global-color-5)","background-image":"","background-repeat":"repeat","background-position":"center center","background-size":"auto","background-attachment":"scroll","background-type":"","background-media":"","overlay-type":"","overlay-color":"","overlay-opacity":"","overlay-gradient":""},"mobile":{"background-color":"var(--ast-global-color-5)","background-image":"","background-repeat":"repeat","background-position":"center center","background-size":"auto","background-attachment":"scroll","background-type":"","background-media":"","overlay-type":"","overlay-color":"","overlay-opacity":"","overlay-gradient":""}}},"product_brand":[],"product_cat":[52,40],"product_tag":[],"class_list":{"0":"post-2883","1":"product","2":"type-product","3":"status-publish","4":"has-post-thumbnail","6":"product_cat-intime-collection","7":"product_cat-musique","8":"product_shipping_class-cd","9":"desktop-align-left","10":"tablet-align-left","11":"mobile-align-left","13":"first","14":"outofstock","15":"shipping-taxable","16":"purchasable","17":"product-type-variable","18":"has-default-attributes"},"uagb_featured_image_src":{"full":["https:\/\/shop.kent-artiste.com\/wp-content\/uploads\/2024\/12\/Kent-Radiant-scaled.jpg",2560,2560,false],"thumbnail":["https:\/\/shop.kent-artiste.com\/wp-content\/uploads\/2024\/12\/Kent-Radiant-150x150.jpg",150,150,true],"medium":["https:\/\/shop.kent-artiste.com\/wp-content\/uploads\/2024\/12\/Kent-Radiant-300x300.jpg",300,300,true],"medium_large":["https:\/\/shop.kent-artiste.com\/wp-content\/uploads\/2024\/12\/Kent-Radiant-768x768.jpg",768,768,true],"large":["https:\/\/shop.kent-artiste.com\/wp-content\/uploads\/2024\/12\/Kent-Radiant-1024x1024.jpg",1024,1024,true],"1536x1536":["https:\/\/shop.kent-artiste.com\/wp-content\/uploads\/2024\/12\/Kent-Radiant-1536x1536.jpg",1536,1536,true],"2048x2048":["https:\/\/shop.kent-artiste.com\/wp-content\/uploads\/2024\/12\/Kent-Radiant-2048x2048.jpg",2048,2048,true],"woocommerce_thumbnail":["https:\/\/shop.kent-artiste.com\/wp-content\/uploads\/2024\/12\/Kent-Radiant-300x300.jpg",300,300,true],"woocommerce_single":["https:\/\/shop.kent-artiste.com\/wp-content\/uploads\/2024\/12\/Kent-Radiant-600x600.jpg",600,600,true],"woocommerce_gallery_thumbnail":["https:\/\/shop.kent-artiste.com\/wp-content\/uploads\/2024\/12\/Kent-Radiant-100x100.jpg",100,100,true]},"uagb_author_info":{"display_name":"admin3131","author_link":"https:\/\/shop.kent-artiste.com\/index.php\/author\/"},"uagb_comment_info":0,"uagb_excerpt":"CD EPUIS\u00c9","_links":{"self":[{"href":"https:\/\/shop.kent-artiste.com\/index.php\/wp-json\/wp\/v2\/product\/2883","targetHints":{"allow":["GET"]}}],"collection":[{"href":"https:\/\/shop.kent-artiste.com\/index.php\/wp-json\/wp\/v2\/product"}],"about":[{"href":"https:\/\/shop.kent-artiste.com\/index.php\/wp-json\/wp\/v2\/types\/product"}],"wp:featuredmedia":[{"embeddable":true,"href":"https:\/\/shop.kent-artiste.com\/index.php\/wp-json\/wp\/v2\/media\/2950"}],"wp:attachment":[{"href":"https:\/\/shop.kent-artiste.com\/index.php\/wp-json\/wp\/v2\/media?parent=2883"}],"wp:term":[{"taxonomy":"product_brand","embeddable":true,"href":"https:\/\/shop.kent-artiste.com\/index.php\/wp-json\/wp\/v2\/product_brand?post=2883"},{"taxonomy":"product_cat","embeddable":true,"href":"https:\/\/shop.kent-artiste.com\/index.php\/wp-json\/wp\/v2\/product_cat?post=2883"},{"taxonomy":"product_tag","embeddable":true,"href":"https:\/\/shop.kent-artiste.com\/index.php\/wp-json\/wp\/v2\/product_tag?post=2883"}],"curies":[{"name":"wp","href":"https:\/\/api.w.org\/{rel}","templated":true}]}}