{"id":3275,"date":"2025-02-24T14:34:59","date_gmt":"2025-02-24T13:34:59","guid":{"rendered":"https:\/\/shop.kent-artiste.com\/?post_type=product&#038;p=3275"},"modified":"2025-02-24T14:34:59","modified_gmt":"2025-02-24T13:34:59","slug":"insomnies","status":"publish","type":"product","link":"https:\/\/shop.kent-artiste.com\/index.php\/product\/insomnies\/","title":{"rendered":"INSOMNIES"},"content":{"rendered":"<p>Une femme, la nuit, l&rsquo;homme est retourn\u00e9 en Argentine, elle n&rsquo;arrive pas \u00e0 dormir. La nuit en ville n&rsquo;est jamais silencieuse&#8230;. La ville gr\u00e9sille comme un n\u00e9on, elle est vivante et son coeur bat dans la nuit. Insomnie.<\/p>\n<p>Auteure : Samantha Barendson, illustrations :\u00a0 Kent.<\/p>\n<p>Editions Lanskine &#8211; 2024<\/p>\n","protected":false},"excerpt":{"rendered":"<p>R\u00e9cit illustr\u00e9 de 69 pages<\/p>\n<p>Paru en 2024\u00a0 dans la collection Les livres \u00e0 5 pattes aux Editions Lanskine.<\/p>\n","protected":false},"featured_media":3272,"template":"","meta":{"_uag_custom_page_level_css":"","site-sidebar-layout":"default","site-content-layout":"","ast-site-content-layout":"default","site-content-style":"default","site-sidebar-style":"default","ast-global-header-display":"","ast-banner-title-visibility":"","ast-main-header-display":"","ast-hfb-above-header-display":"","ast-hfb-below-header-display":"","ast-hfb-mobile-header-display":"","site-post-title":"","ast-breadcrumbs-content":"","ast-featured-img":"","footer-sml-layout":"","ast-disable-related-posts":"","theme-transparent-header-meta":"default","adv-header-id-meta":"","stick-header-meta":"","header-above-stick-meta":"","header-main-stick-meta":"","header-below-stick-meta":"","astra-migrate-meta-layouts":"set","ast-page-background-enabled":"default","ast-page-background-meta":{"desktop":{"background-color":"var(--ast-global-color-4)","background-image":"","background-repeat":"repeat","background-position":"center center","background-size":"auto","background-attachment":"scroll","background-type":"","background-media":"","overlay-type":"","overlay-color":"","overlay-opacity":"","overlay-gradient":""},"tablet":{"background-color":"","background-image":"","background-repeat":"repeat","background-position":"center center","background-size":"auto","background-attachment":"scroll","background-type":"","background-media":"","overlay-type":"","overlay-color":"","overlay-opacity":"","overlay-gradient":""},"mobile":{"background-color":"","background-image":"","background-repeat":"repeat","background-position":"center center","background-size":"auto","background-attachment":"scroll","background-type":"","background-media":"","overlay-type":"","overlay-color":"","overlay-opacity":"","overlay-gradient":""}},"ast-content-background-meta":{"desktop":{"background-color":"var(--ast-global-color-5)","background-image":"","background-repeat":"repeat","background-position":"center center","background-size":"auto","background-attachment":"scroll","background-type":"","background-media":"","overlay-type":"","overlay-color":"","overlay-opacity":"","overlay-gradient":""},"tablet":{"background-color":"var(--ast-global-color-5)","background-image":"","background-repeat":"repeat","background-position":"center center","background-size":"auto","background-attachment":"scroll","background-type":"","background-media":"","overlay-type":"","overlay-color":"","overlay-opacity":"","overlay-gradient":""},"mobile":{"background-color":"var(--ast-global-color-5)","background-image":"","background-repeat":"repeat","background-position":"center center","background-size":"auto","background-attachment":"scroll","background-type":"","background-media":"","overlay-type":"","overlay-color":"","overlay-opacity":"","overlay-gradient":""}}},"product_brand":[],"product_cat":[37],"product_tag":[],"class_list":{"0":"post-3275","1":"product","2":"type-product","3":"status-publish","4":"has-post-thumbnail","6":"product_cat-livres","7":"product_shipping_class-livres","8":"desktop-align-left","9":"tablet-align-left","10":"mobile-align-left","12":"first","13":"instock","14":"shipping-taxable","15":"purchasable","16":"product-type-simple"},"uagb_featured_image_src":{"full":["https:\/\/shop.kent-artiste.com\/wp-content\/uploads\/2025\/02\/INSOMNIES.jpg",1080,1350,false],"thumbnail":["https:\/\/shop.kent-artiste.com\/wp-content\/uploads\/2025\/02\/INSOMNIES-150x150.jpg",150,150,true],"medium":["https:\/\/shop.kent-artiste.com\/wp-content\/uploads\/2025\/02\/INSOMNIES-240x300.jpg",240,300,true],"medium_large":["https:\/\/shop.kent-artiste.com\/wp-content\/uploads\/2025\/02\/INSOMNIES-768x960.jpg",768,960,true],"large":["https:\/\/shop.kent-artiste.com\/wp-content\/uploads\/2025\/02\/INSOMNIES-819x1024.jpg",819,1024,true],"1536x1536":["https:\/\/shop.kent-artiste.com\/wp-content\/uploads\/2025\/02\/INSOMNIES.jpg",1080,1350,false],"2048x2048":["https:\/\/shop.kent-artiste.com\/wp-content\/uploads\/2025\/02\/INSOMNIES.jpg",1080,1350,false],"woocommerce_thumbnail":["https:\/\/shop.kent-artiste.com\/wp-content\/uploads\/2025\/02\/INSOMNIES-300x300.jpg",300,300,true],"woocommerce_single":["https:\/\/shop.kent-artiste.com\/wp-content\/uploads\/2025\/02\/INSOMNIES-600x750.jpg",600,750,true],"woocommerce_gallery_thumbnail":["https:\/\/shop.kent-artiste.com\/wp-content\/uploads\/2025\/02\/INSOMNIES-100x100.jpg",100,100,true]},"uagb_author_info":{"display_name":"admin3131","author_link":"https:\/\/shop.kent-artiste.com\/index.php\/author\/"},"uagb_comment_info":0,"uagb_excerpt":"R\u00e9cit illustr\u00e9 de 69 pages Paru en 2024\u00a0 dans la collection Les livres \u00e0 5 pattes aux Editions Lanskine.","_links":{"self":[{"href":"https:\/\/shop.kent-artiste.com\/index.php\/wp-json\/wp\/v2\/product\/3275","targetHints":{"allow":["GET"]}}],"collection":[{"href":"https:\/\/shop.kent-artiste.com\/index.php\/wp-json\/wp\/v2\/product"}],"about":[{"href":"https:\/\/shop.kent-artiste.com\/index.php\/wp-json\/wp\/v2\/types\/product"}],"wp:featuredmedia":[{"embeddable":true,"href":"https:\/\/shop.kent-artiste.com\/index.php\/wp-json\/wp\/v2\/media\/3272"}],"wp:attachment":[{"href":"https:\/\/shop.kent-artiste.com\/index.php\/wp-json\/wp\/v2\/media?parent=3275"}],"wp:term":[{"taxonomy":"product_brand","embeddable":true,"href":"https:\/\/shop.kent-artiste.com\/index.php\/wp-json\/wp\/v2\/product_brand?post=3275"},{"taxonomy":"product_cat","embeddable":true,"href":"https:\/\/shop.kent-artiste.com\/index.php\/wp-json\/wp\/v2\/product_cat?post=3275"},{"taxonomy":"product_tag","embeddable":true,"href":"https:\/\/shop.kent-artiste.com\/index.php\/wp-json\/wp\/v2\/product_tag?post=3275"}],"curies":[{"name":"wp","href":"https:\/\/api.w.org\/{rel}","templated":true}]}}