{"id":96,"date":"2024-11-23T13:42:50","date_gmt":"2024-11-23T12:42:50","guid":{"rendered":"http:\/\/boutique-kent.local\/?post_type=product&#038;p=96"},"modified":"2024-12-21T00:26:46","modified_gmt":"2024-12-20T23:26:46","slug":"le-temps-des-ames","status":"publish","type":"product","link":"https:\/\/shop.kent-artiste.com\/index.php\/product\/le-temps-des-ames\/","title":{"rendered":"Le Temps des \u00c2mes"},"content":{"rendered":"<p>C\u2019est le fruit d\u2019une rencontre \u00e0 Berlin avec le pianiste Marc Haussmann. Connivence imm\u00e9diate. L\u2019envie s\u2019impose d\u2019enregistrer un album piano-voix. Le Temps des \u00c2mes, premi\u00e8re chanson \u00e9crite, donne le ton de l\u2019album.<\/p>\n<p>La version double vinyle comporte un bonus de 4 titres enregistr\u00e9s le 18 mai 2013 \u00e0 la Salle Edouard Herriot \u00e0 Lyon (Devant le n\u00e9ant, Je suis un kilom\u00e8tre, Tous les m\u00f4mes, Cash).<\/p>\n<p>Sortie : 2013<\/p>\n<p><a href=\"https:\/\/kent-artiste.com\/musique-album.php?lang=fr&amp;albu_id=25\" target=\"_blank\" rel=\"noopener\">\u2192 plus d&rsquo;infos<\/a><\/p>\n","protected":false},"excerpt":{"rendered":"<p>Disponible en CD et double vinyle<\/p>\n","protected":false},"featured_media":2959,"template":"","meta":{"_uag_custom_page_level_css":"","site-sidebar-layout":"default","site-content-layout":"","ast-site-content-layout":"default","site-content-style":"default","site-sidebar-style":"default","ast-global-header-display":"","ast-banner-title-visibility":"","ast-main-header-display":"","ast-hfb-above-header-display":"","ast-hfb-below-header-display":"","ast-hfb-mobile-header-display":"","site-post-title":"","ast-breadcrumbs-content":"","ast-featured-img":"","footer-sml-layout":"","ast-disable-related-posts":"","theme-transparent-header-meta":"default","adv-header-id-meta":"","stick-header-meta":"","header-above-stick-meta":"","header-main-stick-meta":"","header-below-stick-meta":"","astra-migrate-meta-layouts":"set","ast-page-background-enabled":"default","ast-page-background-meta":{"desktop":{"background-color":"var(--ast-global-color-4)","background-image":"","background-repeat":"repeat","background-position":"center center","background-size":"auto","background-attachment":"scroll","background-type":"","background-media":"","overlay-type":"","overlay-color":"","overlay-opacity":"","overlay-gradient":""},"tablet":{"background-color":"","background-image":"","background-repeat":"repeat","background-position":"center center","background-size":"auto","background-attachment":"scroll","background-type":"","background-media":"","overlay-type":"","overlay-color":"","overlay-opacity":"","overlay-gradient":""},"mobile":{"background-color":"","background-image":"","background-repeat":"repeat","background-position":"center center","background-size":"auto","background-attachment":"scroll","background-type":"","background-media":"","overlay-type":"","overlay-color":"","overlay-opacity":"","overlay-gradient":""}},"ast-content-background-meta":{"desktop":{"background-color":"var(--ast-global-color-5)","background-image":"","background-repeat":"repeat","background-position":"center center","background-size":"auto","background-attachment":"scroll","background-type":"","background-media":"","overlay-type":"","overlay-color":"","overlay-opacity":"","overlay-gradient":""},"tablet":{"background-color":"var(--ast-global-color-5)","background-image":"","background-repeat":"repeat","background-position":"center center","background-size":"auto","background-attachment":"scroll","background-type":"","background-media":"","overlay-type":"","overlay-color":"","overlay-opacity":"","overlay-gradient":""},"mobile":{"background-color":"var(--ast-global-color-5)","background-image":"","background-repeat":"repeat","background-position":"center center","background-size":"auto","background-attachment":"scroll","background-type":"","background-media":"","overlay-type":"","overlay-color":"","overlay-opacity":"","overlay-gradient":""}}},"product_brand":[],"product_cat":[40],"product_tag":[],"class_list":{"0":"post-96","1":"product","2":"type-product","3":"status-publish","4":"has-post-thumbnail","6":"product_cat-musique","7":"desktop-align-left","8":"tablet-align-left","9":"mobile-align-left","11":"first","12":"instock","13":"shipping-taxable","14":"purchasable","15":"product-type-variable"},"uagb_featured_image_src":{"full":["https:\/\/shop.kent-artiste.com\/wp-content\/uploads\/2024\/11\/kent_le_temps_des_ames_cover.jpg",1000,1000,false],"thumbnail":["https:\/\/shop.kent-artiste.com\/wp-content\/uploads\/2024\/11\/kent_le_temps_des_ames_cover-150x150.jpg",150,150,true],"medium":["https:\/\/shop.kent-artiste.com\/wp-content\/uploads\/2024\/11\/kent_le_temps_des_ames_cover-300x300.jpg",300,300,true],"medium_large":["https:\/\/shop.kent-artiste.com\/wp-content\/uploads\/2024\/11\/kent_le_temps_des_ames_cover-768x768.jpg",768,768,true],"large":["https:\/\/shop.kent-artiste.com\/wp-content\/uploads\/2024\/11\/kent_le_temps_des_ames_cover.jpg",1000,1000,false],"1536x1536":["https:\/\/shop.kent-artiste.com\/wp-content\/uploads\/2024\/11\/kent_le_temps_des_ames_cover.jpg",1000,1000,false],"2048x2048":["https:\/\/shop.kent-artiste.com\/wp-content\/uploads\/2024\/11\/kent_le_temps_des_ames_cover.jpg",1000,1000,false],"woocommerce_thumbnail":["https:\/\/shop.kent-artiste.com\/wp-content\/uploads\/2024\/11\/kent_le_temps_des_ames_cover-300x300.jpg",300,300,true],"woocommerce_single":["https:\/\/shop.kent-artiste.com\/wp-content\/uploads\/2024\/11\/kent_le_temps_des_ames_cover-600x600.jpg",600,600,true],"woocommerce_gallery_thumbnail":["https:\/\/shop.kent-artiste.com\/wp-content\/uploads\/2024\/11\/kent_le_temps_des_ames_cover-100x100.jpg",100,100,true]},"uagb_author_info":{"display_name":"admin3131","author_link":"https:\/\/shop.kent-artiste.com\/index.php\/author\/"},"uagb_comment_info":0,"uagb_excerpt":"Disponible en CD et double vinyle","_links":{"self":[{"href":"https:\/\/shop.kent-artiste.com\/index.php\/wp-json\/wp\/v2\/product\/96","targetHints":{"allow":["GET"]}}],"collection":[{"href":"https:\/\/shop.kent-artiste.com\/index.php\/wp-json\/wp\/v2\/product"}],"about":[{"href":"https:\/\/shop.kent-artiste.com\/index.php\/wp-json\/wp\/v2\/types\/product"}],"wp:featuredmedia":[{"embeddable":true,"href":"https:\/\/shop.kent-artiste.com\/index.php\/wp-json\/wp\/v2\/media\/2959"}],"wp:attachment":[{"href":"https:\/\/shop.kent-artiste.com\/index.php\/wp-json\/wp\/v2\/media?parent=96"}],"wp:term":[{"taxonomy":"product_brand","embeddable":true,"href":"https:\/\/shop.kent-artiste.com\/index.php\/wp-json\/wp\/v2\/product_brand?post=96"},{"taxonomy":"product_cat","embeddable":true,"href":"https:\/\/shop.kent-artiste.com\/index.php\/wp-json\/wp\/v2\/product_cat?post=96"},{"taxonomy":"product_tag","embeddable":true,"href":"https:\/\/shop.kent-artiste.com\/index.php\/wp-json\/wp\/v2\/product_tag?post=96"}],"curies":[{"name":"wp","href":"https:\/\/api.w.org\/{rel}","templated":true}]}}